{"id":16,"date":"2024-06-25T12:56:56","date_gmt":"2024-06-25T12:56:56","guid":{"rendered":"https:\/\/akuv-untermeitingen.de\/wordpress\/?page_id=16"},"modified":"2025-07-17T18:48:39","modified_gmt":"2025-07-17T16:48:39","slug":"startseite","status":"publish","type":"page","link":"https:\/\/akuv-untermeitingen.de\/wordpress\/","title":{"rendered":"Startseite"},"content":{"rendered":"<div class=\"alignwide-wrap\" data-block=\"columns\">\n<div class=\"wp-block-columns alignwide\">\n<div class=\"wp-block-column\"><div class=\"alignwide-wrap\" data-block=\"image\">\n<figure class=\"wp-block-image alignwide size-large is-style-no-margin-vertical\"><img loading=\"lazy\" decoding=\"async\" width=\"1024\" height=\"251\" src=\"https:\/\/akuv-untermeitingen.de\/wordpress\/wp-content\/uploads\/2025\/07\/Gruppenbild-2025-1024x251.jpg\" alt=\"\" class=\"wp-image-569\" srcset=\"https:\/\/akuv-untermeitingen.de\/wordpress\/wp-content\/uploads\/2025\/07\/Gruppenbild-2025-1024x251.jpg 1024w, https:\/\/akuv-untermeitingen.de\/wordpress\/wp-content\/uploads\/2025\/07\/Gruppenbild-2025-300x73.jpg 300w, https:\/\/akuv-untermeitingen.de\/wordpress\/wp-content\/uploads\/2025\/07\/Gruppenbild-2025-768x188.jpg 768w, https:\/\/akuv-untermeitingen.de\/wordpress\/wp-content\/uploads\/2025\/07\/Gruppenbild-2025.jpg 1381w\" sizes=\"auto, (max-width: 1024px) 100vw, 1024px\" \/><\/figure>\n<\/div>\n\n\n<p class=\"is-style-default\" style=\"padding-top:var(--wp--preset--spacing--50);padding-bottom:var(--wp--preset--spacing--50)\">Der Arbeiter-Krankenunterst\u00fctzungsverein (AKUV) ist nicht nur f\u00fcr seinen langen Namen bekannt, sondern auch f\u00fcr seine fast 120- j\u00e4hrige Tradition in Untermeitingen. Seit seiner Gr\u00fcndung steht der Verein f\u00fcr Gemeinschaft und Zusammenhalt und hat sich im Laufe der Jahrzehnte stetig weiterentwickelt. Gegr\u00fcndet aus der d\u00f6rflichen Solidarit\u00e4t, hatte der Verein urspr\u00fcnglich das Ziel, erkrankte Mitglieder finanziell zu unterst\u00fctzen und so eine soziale Absicherung zu schaffen. In Zeiten, in denen es noch keine umfassenden Sozialversicherungen gab, spielte der AKUV eine essenzielle Rolle f\u00fcr die Bewohner Untermeitingens. Mit der Einf\u00fchrung von Krankenkassen und Rentenversicherungen \u00fcbernahmen staatliche Institutionen weitgehend die urspr\u00fcngliche Aufgabe des Vereins. Doch anstatt in Bedeutungslosigkeit zu geraten, passte sich der AKUV den neuen Gegebenheiten an und richtete sich zunehmend auf das soziale Miteinander und die Unterst\u00fctzung von Senioren aus. Um den heutigen Anforderungen gerecht zu werden, wurde die Vereinssatzung aktualisiert, sodass der AKUV weiterhin eine wertvolle St\u00fctze in der Gemeinschaft bleibt. Veranstaltungen, Treffen und gemeinsame Unternehmungen f\u00f6rdern das Miteinander und tragen dazu bei, die Tradition des Vereins lebendig zu halten. Auch in Zukunft wird der AKUV seine Werte bewahren und aktiv zur Gestaltung des sozialen Lebens in Untermeitingen beitragen. Der Verein bleibt eine tragende S\u00e4ule der Gemeinschaft, indem er den sozialen Zusammenhalt st\u00e4rkt und insbesondere \u00e4lteren Menschen eine Plattform f\u00fcr Austausch und Unterst\u00fctzung bietet. Der Arbeiter-Krankenunterst\u00fctzungsverein zeigt, dass Tradition und Moderne Hand in Hand gehen k\u00f6nnen. Durch kontinuierliche Anpassung an gesellschaftliche Entwicklungen bleibt der AKUV ein fester Bestandteil des d\u00f6rflichen Lebens und wird auch in den kommenden Jahren ein Symbol f\u00fcr Zusammenhalt und gegenseitige Hilfe sein.<\/p>\n<\/div>\n<\/div>\n<\/div>","protected":false},"excerpt":{"rendered":"<div class=\"entry-summary\">\nDer Arbeiter-Krankenunterst\u00fctzungsverein (AKUV) ist nicht nur f\u00fcr seinen langen Namen bekannt, sondern auch f\u00fcr seine fast 120- j\u00e4hrige Tradition in Untermeitingen. Seit seiner Gr\u00fcndung steht der Verein f\u00fcr Gemeinschaft und Zusammenhalt und hat sich im Laufe der Jahrzehnte stetig weiterentwickelt.&hellip;\n<\/div>\n<div class=\"link-more\"><a href=\"https:\/\/akuv-untermeitingen.de\/wordpress\/\" class=\"more-link\"><span class=\"screen-reader-text\"> &ldquo;Startseite&rdquo;<\/span> weiterlesen\u00a0&hellip;<\/a><\/div>\n","protected":false},"author":2,"featured_media":0,"parent":0,"menu_order":0,"comment_status":"closed","ping_status":"closed","template":"templates\/no-intro.php","meta":{"ngg_post_thumbnail":0,"footnotes":""},"class_list":["post-16","page","type-page","status-publish","hentry","entry"],"_links":{"self":[{"href":"https:\/\/akuv-untermeitingen.de\/wordpress\/wp-json\/wp\/v2\/pages\/16","targetHints":{"allow":["GET"]}}],"collection":[{"href":"https:\/\/akuv-untermeitingen.de\/wordpress\/wp-json\/wp\/v2\/pages"}],"about":[{"href":"https:\/\/akuv-untermeitingen.de\/wordpress\/wp-json\/wp\/v2\/types\/page"}],"author":[{"embeddable":true,"href":"https:\/\/akuv-untermeitingen.de\/wordpress\/wp-json\/wp\/v2\/users\/2"}],"replies":[{"embeddable":true,"href":"https:\/\/akuv-untermeitingen.de\/wordpress\/wp-json\/wp\/v2\/comments?post=16"}],"version-history":[{"count":13,"href":"https:\/\/akuv-untermeitingen.de\/wordpress\/wp-json\/wp\/v2\/pages\/16\/revisions"}],"predecessor-version":[{"id":571,"href":"https:\/\/akuv-untermeitingen.de\/wordpress\/wp-json\/wp\/v2\/pages\/16\/revisions\/571"}],"wp:attachment":[{"href":"https:\/\/akuv-untermeitingen.de\/wordpress\/wp-json\/wp\/v2\/media?parent=16"}],"curies":[{"name":"wp","href":"https:\/\/api.w.org\/{rel}","templated":true}]}}